{"id":41,"date":"2016-03-16T07:45:33","date_gmt":"2016-03-16T07:45:33","guid":{"rendered":"http:\/\/paulrevellio.de\/?page_id=41"},"modified":"2017-04-28T07:27:28","modified_gmt":"2017-04-28T07:27:28","slug":"lithographie","status":"publish","type":"page","link":"https:\/\/paulrevellio.de\/?page_id=41","title":{"rendered":"Lithographie"},"content":{"rendered":"<p>Paul Revellio, Sohn eines Druckereibesitzers, ist der Familientradition treu geblieben. Zu seinen k\u00fcnstlerischen Medien z\u00e4hlt neben der Malerei und dem Bau von Fasnachtsmasken die Lithographie. Seine Br\u00fcder betreiben in Villingen noch heute eine moderne Offset- und Digitaldruckerei. Paul Revellio erlernte die Grundlagen der Lithographie bei Wolfgang Koch an der Hochschule der K\u00fcnste Berlin.<\/p>\n<p><strong>Lithowerkstatt in M\u00fchlacker<br \/>\n<\/strong>Seit 2007 kann die Lithowerkstatt in M\u00fchlacker nach Vereinbarung besichtigt werden.<\/p>\n<p>Adresse:<br \/>\nSophie-Scholl-Weg 11<br \/>\n75417 M\u00fchlacker<br \/>\nTel: 07041 863814<\/p>\n<p>&nbsp;<\/p>\n<p><strong>Druckereimuseum in Villingen-Schwenningen<br \/>\n<\/strong>Die Revellio Druck u. Medien GmbH in Villingen unterh\u00e4lt eine kleine funktionsf\u00e4hige Museums-Druckerei, in der neben den alten Handvergolde-Werkzeugen des Gr\u00fcnders, die alten Setzk\u00e4sten und Bleischriften sowie eine Boston-Tiegeldruckpresse, eine Schnellpresse, alles mit Handanlage, sowie eine Linotype-Bleisetzmaschine gezeigt werden. Die Maschinen sind voll funktionsf\u00e4hig.<\/p>\n<p>Paul Revellio f\u00fchrt nach Vereinbarung durch das Museum, das sein Vater Ernst Revellio aufgebaut hat, und demonstriert den Druck einer Lithographie.<\/p>\n<p>Revellio Druck u. Medien GmbH<br \/>\nKarlsruher Str. 20<br \/>\n78048 Villingen-Schwenningen<\/p>\n<p>&nbsp;<\/p>\n<hr>\n<p><strong>Lithographie-Workshop in M\u00fchlacker<br \/>\n<\/strong><\/p>\n<p><a class=\"ngg-fancybox\" title=\" \" href=\"http:\/\/paulrevellio.de\/wp-content\/gallery\/Lithopresse\/Werkstatt.JPG\" data-image-id=\"28\" data-src=\"http:\/\/paulrevellio.de\/wp-content\/gallery\/Lithopresse\/Werkstatt.JPG\" data-thumbnail=\"http:\/\/paulrevellio.de\/wp-content\/gallery\/Lithopresse\/thumbs\/thumbs_Werkstatt.JPG\" data-title=\"Werkstatt\" data-description=\" \"><img decoding=\"async\" class=\"ngg-singlepic ngg-none\" src=\"http:\/\/paulrevellio.de\/wp-content\/gallery\/Lithopresse\/thumbs\/thumbs_Werkstatt.JPG\" alt=\"Werkstatt\"><\/a><\/p>\n<p>Workshop f\u00fcr Anf\u00e4nger und Neugierige<br \/>\nDer Workshop vermittelt neben den technischen Grundlagen auch die Geschichte der Erfindung der Lithographie<\/p>\n<p><strong>Workshop Teil I<\/strong><\/p>\n<p>Schleifen und Vorbereiten der Steine<br \/>\nZeichnen auf Stein<br \/>\n\u00c4tzen der Steine<br \/>\nDrucken<\/p>\n<p><strong>Workshop Teil II<\/strong><\/p>\n<p>Sie drucken ihre eigene Lithographie von einem<br \/>\nselbst bezeichneten Stein<\/p>\n<p>Der Workshop findet an zwei Nachmittagen statt. Teilnehmerzahl maximal 3 Personen. Steine werden zur Verf\u00fcgung gestellt.<\/p>\n<p>Dauer: pro Nachmittag ca. 4 Stunden<\/p>\n<p>Kosten f\u00fcr bis zu 3 Teilnehmer: 100,- \u20ac<\/p>\n<p>weitere Infos:<br \/>\nTel. 07041 863814 (Paul Revellio)<\/p>\n<p>&nbsp;<\/p>\n<hr>\n<p><strong>Transportable Lithopresse<\/strong><\/p>\n<p>F\u00fcr Lithographievorf\u00fchrungen au\u00dferhalb der Werkstatt gibt es die transportable Lithopresse. Druckvorf\u00fchrungen an einem beliebigen Ort auf einer zur transportablen Lithopresse umgebauten gusseisernen W\u00e4schemangel sind also auch m\u00f6glich.<\/p>\n<p>Dauer: 1 &#8211; 2 Stunden<br \/>\nPreis: 200,- \u20ac<\/p>\n<p><a class=\"ngg-fancybox\" title=\" \" href=\"http:\/\/paulrevellio.de\/wp-content\/gallery\/Lithopresse\/Transportable-Presse.jpg\" data-image-id=\"27\" data-src=\"http:\/\/paulrevellio.de\/wp-content\/gallery\/Lithopresse\/Transportable-Presse.jpg\" data-thumbnail=\"http:\/\/paulrevellio.de\/wp-content\/gallery\/Lithopresse\/thumbs\/thumbs_Transportable-Presse.jpg\" data-title=\"Transportable Presse\" data-description=\" \"><img decoding=\"async\" class=\"ngg-singlepic ngg-none\" src=\"http:\/\/paulrevellio.de\/wp-content\/gallery\/Lithopresse\/thumbs\/thumbs_Transportable-Presse.jpg\" alt=\"Transportable Presse\"><\/a><\/p>\n<p>Sie erfahren alles \u00fcber diese alte Drucktechnik und einiges \u00fcber Aloys Senefelder und die Geschichte der Lithographie<\/p>\n<p><a href=\"http:\/\/paulrevellio.de\/?page_id=289\">Bildergalerie<\/a><\/p>\n<p>&nbsp;<\/p>\n","protected":false},"excerpt":{"rendered":"<p>Paul Revellio, Sohn eines Druckereibesitzers, ist der Familientradition treu geblieben. Zu seinen k\u00fcnstlerischen Medien z\u00e4hlt neben der Malerei und dem Bau von Fasnachtsmasken die Lithographie. Seine Br\u00fcder betreiben in Villingen noch heute eine moderne Offset- und Digitaldruckerei. Paul Revellio erlernte die Grundlagen der Lithographie bei Wolfgang Koch an der Hochschule der K\u00fcnste Berlin. Lithowerkstatt in [&hellip;]<\/p>\n","protected":false},"author":1,"featured_media":0,"parent":0,"menu_order":0,"comment_status":"closed","ping_status":"closed","template":"","meta":{"ngg_post_thumbnail":0,"footnotes":""},"class_list":["post-41","page","type-page","status-publish","hentry"],"_links":{"self":[{"href":"https:\/\/paulrevellio.de\/index.php?rest_route=\/wp\/v2\/pages\/41","targetHints":{"allow":["GET"]}}],"collection":[{"href":"https:\/\/paulrevellio.de\/index.php?rest_route=\/wp\/v2\/pages"}],"about":[{"href":"https:\/\/paulrevellio.de\/index.php?rest_route=\/wp\/v2\/types\/page"}],"author":[{"embeddable":true,"href":"https:\/\/paulrevellio.de\/index.php?rest_route=\/wp\/v2\/users\/1"}],"replies":[{"embeddable":true,"href":"https:\/\/paulrevellio.de\/index.php?rest_route=%2Fwp%2Fv2%2Fcomments&post=41"}],"version-history":[{"count":11,"href":"https:\/\/paulrevellio.de\/index.php?rest_route=\/wp\/v2\/pages\/41\/revisions"}],"predecessor-version":[{"id":794,"href":"https:\/\/paulrevellio.de\/index.php?rest_route=\/wp\/v2\/pages\/41\/revisions\/794"}],"wp:attachment":[{"href":"https:\/\/paulrevellio.de\/index.php?rest_route=%2Fwp%2Fv2%2Fmedia&parent=41"}],"curies":[{"name":"wp","href":"https:\/\/api.w.org\/{rel}","templated":true}]}}