{"id":25,"date":"2016-03-15T21:46:16","date_gmt":"2016-03-15T21:46:16","guid":{"rendered":"http:\/\/paulrevellio.de\/?page_id=25"},"modified":"2025-12-07T13:25:31","modified_gmt":"2025-12-07T12:25:31","slug":"kalender","status":"publish","type":"page","link":"https:\/\/paulrevellio.de\/","title":{"rendered":"Kalender 2026"},"content":{"rendered":"\n<div class=\"wp-block-group\"><div class=\"wp-block-group__inner-container is-layout-flow wp-block-group-is-layout-flow\">\n<p><strong>Die Kalender sind da!<br><\/strong>Die Kalender k\u00f6nnen in M\u00fchlacker im Sophie-Scholl-Weg 11 abgeholt werden!<br>Tel: 07041 863814<\/p>\n<p>Auch f\u00fcr das Jahr 2026 wird es einen kleinen Paul Revellio Kalender geben.&nbsp;<\/p>\n<p>Der Kalender f\u00fcr 2026 wird mit den gleichen Ma\u00dfen und trotz gestiegener Herstellungskosten zum gleichen Preis wie im vergangenen Jahr angeboten.<br><strong>Die Kalender k\u00f6nnen ab sofort bestellt werden!<\/strong><\/p>\n<p><img loading=\"lazy\" decoding=\"async\" class=\"alignnone wp-image-1888 size-full\" src=\"https:\/\/paulrevellio.de\/wp-content\/uploads\/2025\/12\/Kalender-Paul-2026-Titel-Seite001.jpg\" alt=\"PDF Kalender 2026\" width=\"167\" height=\"231\"><\/p>\n<p><a href=\"https:\/\/paulrevellio.de\/wp-content\/uploads\/2025\/11\/Kalender-Paul-2026-nicht-fuer-den-Druck.pdf\" target=\"_blank\" rel=\"noopener\">Kalender 2026 (PDF)<\/a><\/p>\n<p>&nbsp;<\/p>\n<p><img loading=\"lazy\" decoding=\"async\" class=\"alignnone size-medium wp-image-1891\" src=\"https:\/\/paulrevellio.de\/wp-content\/uploads\/2025\/12\/Kalender-2026B-300x169.jpeg\" alt=\"\" width=\"300\" height=\"169\" srcset=\"https:\/\/paulrevellio.de\/wp-content\/uploads\/2025\/12\/Kalender-2026B-300x169.jpeg 300w, https:\/\/paulrevellio.de\/wp-content\/uploads\/2025\/12\/Kalender-2026B.jpeg 600w\" sizes=\"auto, (max-width: 300px) 100vw, 300px\" \/><\/p>\n<p>Der Kalender eignet sich prima als kleines Weihnachtsgeschenk f\u00fcr Freunde und Verwandte<br>oder auch als Neujahrsgabe f\u00fcr Gesch\u00e4ftsfreunde.<\/p>\n<p>&nbsp;<\/p>\n<p>Kalenderproduktion 2016<\/p>\nngg_shortcode_0_placeholder\n<p>Die Ma\u00dfe des Kalenders:<br>Blattgr\u00f6\u00dfe: 105 x 148 mm<br>250 g Offsetdruck<br>Titelblatt + 12 Monatsbl\u00e4tter&nbsp;<br>Pappaufsteller<br>Gr\u00f6\u00dfe der Abbildungen: max. 9 x 9 cm<br>Kalender zusammengeklappt inkl. Aufstellpappe: ca. 10,5 x 21,5 cm<\/p>\n<p>&nbsp;<\/p>\n<p><img loading=\"lazy\" decoding=\"async\" class=\"alignnone wp-image-1585 size-thumbnail\" src=\"https:\/\/paulrevellio.de\/wp-content\/uploads\/2021\/12\/20211213_190816gimpkl-150x150.jpg\" alt=\"\" width=\"150\" height=\"150\"><\/p>\n<p>&nbsp;<\/p>\n<p>Der Kalender kann direkt bei mir per E-mail oder telefonisch (auch per Whatsapp) bestellt werden.<br>Einfach Adresse und Menge an Paul Revellio mailen.<\/p>\n<p>Der Kalender kommt per Post. Eine Rechnung liegt bei.<\/p>\n<p>oder hier klicken:<br><a href=\"javascript:secureDecryptAndNavigate('AcysdHf2j24m0\/+wkgKiefXpv2CY4rFXCvEtBrlZnYmKaNWvVC9kBiH\/iEzhYh5Ool5jLS5fio0ytau7HFTKS8QcFdbEnFiMzZRBVjJlBucyVZo=', 'a0e9507ff98a84bc8dd07f4695509c341041d5d390dd1c9f92f353f5fba6c5d5')\">Kalender per Email bestellen<\/a><\/p>\n<p>oder telefonisch (Tel: 07041 863814)<\/p>\n<p>Preis pro St\u00fcck: 6,- \u20ac (inkl. 19 % Mwst.)&nbsp; kostenloser Versand!<br><strong>Solange der Vorrat reicht!<\/strong><br>(Ab 10 St\u00fcck bitte Preis erfragen!)<\/p>\n<p>In Villingen kann der Kalender demn\u00e4chst in der Gerberstra\u00dfe 24 in der <strong>Rahmenwerkstatt <\/strong>von<strong> Wolfgang Kranzer <\/strong>gekauft werden.<\/p>\n<p><a href=\"http:\/\/rahmenwerkstatt-augenweide.de\">http:\/\/rahmenwerkstatt-augenweide.de<\/a><\/p>\n<hr>\n<p><strong>Ihr ganz pers\u00f6nliches Titelblatt<br><\/strong><\/p>\n<p>Es ist auch m\u00f6glich, den Kalender mit einem eigenen selbst gestalteten Titelblatt (z.B. mit Gru\u00dfworten zum Neuen Jahr oder einer Werbebotschaft) zu versehen. Dadurch wird der Kalender zu einem individuellen Geschenk f\u00fcr ihre Freunde, Verwandten und Kollegen. Bei Interesse bitte ein Angebot bei mir einholen.<\/p>\n<hr>\n<h2><span style=\"color: #808080;\">Weihnachtskarten oder Gru\u00dfkarten mit Motiven von Paul Revellio<\/span><\/h2>\n<p>Preis pro Karte inkl. Umschlag 1,- \u20ac<\/p>\n<p>Folgende Karten sind lieferbar (solange der Vorrat reicht):<\/p>\n<figure id=\"attachment_1155\" aria-describedby=\"caption-attachment-1155\" style=\"width: 600px\" class=\"wp-caption alignnone\"><img loading=\"lazy\" decoding=\"async\" class=\"wp-image-1155\" src=\"http:\/\/paulrevellio.de\/wp-content\/uploads\/2018\/11\/20181126_123016gimp-300x150.jpg\" alt=\"Paul Revellio Engelkarten\" width=\"600\" height=\"301\" srcset=\"https:\/\/paulrevellio.de\/wp-content\/uploads\/2018\/11\/20181126_123016gimp-300x150.jpg 300w, https:\/\/paulrevellio.de\/wp-content\/uploads\/2018\/11\/20181126_123016gimp-768x385.jpg 768w, https:\/\/paulrevellio.de\/wp-content\/uploads\/2018\/11\/20181126_123016gimp-690x346.jpg 690w, https:\/\/paulrevellio.de\/wp-content\/uploads\/2018\/11\/20181126_123016gimp-980x491.jpg 980w, https:\/\/paulrevellio.de\/wp-content\/uploads\/2018\/11\/20181126_123016gimp.jpg 1000w\" sizes=\"auto, (max-width: 600px) 100vw, 600px\" \/><figcaption id=\"caption-attachment-1155\" class=\"wp-caption-text\">Engelkarten (Motiv 1 und 2)<strong><em>&nbsp;<\/em><\/strong><\/figcaption><\/figure>\n<p>&nbsp;<\/p>\n<p>&nbsp;<\/p>\n<figure id=\"attachment_1154\" aria-describedby=\"caption-attachment-1154\" style=\"width: 600px\" class=\"wp-caption alignnone\"><img loading=\"lazy\" decoding=\"async\" class=\"wp-image-1154\" src=\"http:\/\/paulrevellio.de\/wp-content\/uploads\/2018\/11\/20181126_123121gimp-300x152.jpg\" alt=\"Paul Revellio Engelkarten\" width=\"600\" height=\"303\" srcset=\"https:\/\/paulrevellio.de\/wp-content\/uploads\/2018\/11\/20181126_123121gimp-300x152.jpg 300w, https:\/\/paulrevellio.de\/wp-content\/uploads\/2018\/11\/20181126_123121gimp-768x388.jpg 768w, https:\/\/paulrevellio.de\/wp-content\/uploads\/2018\/11\/20181126_123121gimp-690x348.jpg 690w, https:\/\/paulrevellio.de\/wp-content\/uploads\/2018\/11\/20181126_123121gimp-980x495.jpg 980w, https:\/\/paulrevellio.de\/wp-content\/uploads\/2018\/11\/20181126_123121gimp.jpg 1000w\" sizes=\"auto, (max-width: 600px) 100vw, 600px\" \/><figcaption id=\"caption-attachment-1154\" class=\"wp-caption-text\">Engelkarten (Motiv 3 und 4) Motiv 4 ist leider nicht mehr lieferbar!<\/figcaption><\/figure>\n<p>&nbsp;<\/p>\n<p>&nbsp;<\/p>\n<p>&nbsp;<\/p>\n<figure id=\"attachment_919\" aria-describedby=\"caption-attachment-919\" style=\"width: 300px\" class=\"wp-caption alignnone\"><img loading=\"lazy\" decoding=\"async\" class=\"wp-image-919 size-medium\" src=\"https:\/\/paulrevellio.de\/wp-content\/uploads\/2018\/01\/20180102_140931gimp-300x257.jpg\" alt=\"\" width=\"300\" height=\"257\" srcset=\"https:\/\/paulrevellio.de\/wp-content\/uploads\/2018\/01\/20180102_140931gimp-300x257.jpg 300w, https:\/\/paulrevellio.de\/wp-content\/uploads\/2018\/01\/20180102_140931gimp-768x659.jpg 768w, https:\/\/paulrevellio.de\/wp-content\/uploads\/2018\/01\/20180102_140931gimp-1024x878.jpg 1024w, https:\/\/paulrevellio.de\/wp-content\/uploads\/2018\/01\/20180102_140931gimp-690x592.jpg 690w, https:\/\/paulrevellio.de\/wp-content\/uploads\/2018\/01\/20180102_140931gimp-980x840.jpg 980w\" sizes=\"auto, (max-width: 300px) 100vw, 300px\" \/><figcaption id=\"caption-attachment-919\" class=\"wp-caption-text\">Weihnachtskarte &#8222;Heilige Familie&#8220;<\/figcaption><\/figure>\n<p>105 x 210 mm (f\u00fcr Din lang Umschlag)<\/p>\n<p>Preis pro Karte mit Umschlag: 1,- \u20ac<\/p>\n<figure id=\"attachment_925\" aria-describedby=\"caption-attachment-925\" style=\"width: 150px\" class=\"wp-caption alignnone\"><img loading=\"lazy\" decoding=\"async\" class=\"wp-image-925 size-medium\" src=\"https:\/\/paulrevellio.de\/wp-content\/uploads\/2018\/01\/Weihnachtkarte-1994_2klein-150x300.jpg\" alt=\"\" width=\"150\" height=\"300\" srcset=\"https:\/\/paulrevellio.de\/wp-content\/uploads\/2018\/01\/Weihnachtkarte-1994_2klein-150x300.jpg 150w, https:\/\/paulrevellio.de\/wp-content\/uploads\/2018\/01\/Weihnachtkarte-1994_2klein-768x1539.jpg 768w, https:\/\/paulrevellio.de\/wp-content\/uploads\/2018\/01\/Weihnachtkarte-1994_2klein-511x1024.jpg 511w, https:\/\/paulrevellio.de\/wp-content\/uploads\/2018\/01\/Weihnachtkarte-1994_2klein-690x1382.jpg 690w, https:\/\/paulrevellio.de\/wp-content\/uploads\/2018\/01\/Weihnachtkarte-1994_2klein-980x1963.jpg 980w, https:\/\/paulrevellio.de\/wp-content\/uploads\/2018\/01\/Weihnachtkarte-1994_2klein.jpg 1200w\" sizes=\"auto, (max-width: 150px) 100vw, 150px\" \/><figcaption id=\"caption-attachment-925\" class=\"wp-caption-text\">Motiv &#8222;Heilige Familie&#8220;<\/figcaption><\/figure>\n<hr>\n<figure id=\"attachment_930\" aria-describedby=\"caption-attachment-930\" style=\"width: 600px\" class=\"wp-caption alignnone\"><img loading=\"lazy\" decoding=\"async\" class=\"wp-image-930\" src=\"http:\/\/paulrevellio.de\/wp-content\/uploads\/2018\/01\/Sekttrinkerkarte-300x225.jpg\" alt=\"\" width=\"600\" height=\"450\" srcset=\"https:\/\/paulrevellio.de\/wp-content\/uploads\/2018\/01\/Sekttrinkerkarte-300x225.jpg 300w, https:\/\/paulrevellio.de\/wp-content\/uploads\/2018\/01\/Sekttrinkerkarte.jpg 600w\" sizes=\"auto, (max-width: 600px) 100vw, 600px\" \/><figcaption id=\"caption-attachment-930\" class=\"wp-caption-text\">Sekttrinkerkarte<\/figcaption><\/figure>\n<p>&nbsp;<\/p>\n<p>&nbsp;<\/p>\n<p>&nbsp;<\/p>\n<p>&nbsp;<\/p>\n<p>&nbsp;<\/p>\n<p>Klappkarten (DIN lang 210 x 105 mm)<\/p>\n<p>Preis pro Karte mit Umschlag: 1,- \u20ac<\/p>\n<hr>\n<p><img loading=\"lazy\" decoding=\"async\" class=\"alignnone wp-image-1562 size-full\" src=\"https:\/\/paulrevellio.de\/wp-content\/uploads\/2021\/11\/PB160040Weihnachtskarten.jpeg\" alt=\"\" width=\"600\" height=\"303\" srcset=\"https:\/\/paulrevellio.de\/wp-content\/uploads\/2021\/11\/PB160040Weihnachtskarten.jpeg 600w, https:\/\/paulrevellio.de\/wp-content\/uploads\/2021\/11\/PB160040Weihnachtskarten-300x152.jpeg 300w\" sizes=\"auto, (max-width: 600px) 100vw, 600px\" \/><\/p>\n<p>Weihnachtskarten (Heilige Drei K\u00f6nige) <br>Klappkarten Din A6 <br>Preis pro Karte mit Umschlag: 1,- \u20ac<\/p>\n<hr>\n<h2><span style=\"color: #808080;\">Individuelle Weihnachtskarten<\/span><br><span style=\"color: #808080;\">mit einem Motiv von Paul Revellio<\/span><\/h2>\n<p>Menge, Format und Text nach eigener Wahl. Lassen Sie sich ein Angebot machen.<\/p>\n<hr>\n<h2><span style=\"color: #808080;\">Tassen<\/span><\/h2>\nngg_shortcode_1_placeholder\n<p>Preis pro Tasse: 8,50 \u20ac<\/p>\n<p>Die Tasse mit den Villinger Narren ist zur Zeit vergriffen. Nachschub wird besorgt!<\/p>\n<p>Laut Hersteller sind diese Tassen sowohl f\u00fcr die Sp\u00fclmaschine als auch f\u00fcr die Mikrowelle geeignet. Leider habe ich festgestellt, dass es vorkommt, dass die Farbe sich abl\u00f6st. Deshalb empfehle ich die Tassen nur von Hand zu sp\u00fclen!<\/p>\n<hr>\n<h2><span style=\"color: #808080;\">Glotzer-Zettelbox <br><\/span><\/h2>\n<p>leider nicht mehr lieferbar!<\/p>\n<p>Box aus bedrucktem Papier gef\u00fcllt mit ca. 700 Notiz-Zetteln mit Glotzermotiven (94 x 94 mm).<\/p>\n<p><img loading=\"lazy\" decoding=\"async\" class=\"alignnone wp-image-587\" src=\"http:\/\/paulrevellio.de\/wp-content\/uploads\/2016\/03\/Zettelboxenklein-300x217.jpg\" alt=\"Zettelboxenklein\" width=\"600\" height=\"433\" srcset=\"https:\/\/paulrevellio.de\/wp-content\/uploads\/2016\/03\/Zettelboxenklein-300x217.jpg 300w, https:\/\/paulrevellio.de\/wp-content\/uploads\/2016\/03\/Zettelboxenklein-768x555.jpg 768w, https:\/\/paulrevellio.de\/wp-content\/uploads\/2016\/03\/Zettelboxenklein-360x260.jpg 360w, https:\/\/paulrevellio.de\/wp-content\/uploads\/2016\/03\/Zettelboxenklein-690x498.jpg 690w, https:\/\/paulrevellio.de\/wp-content\/uploads\/2016\/03\/Zettelboxenklein.jpg 900w\" sizes=\"auto, (max-width: 600px) 100vw, 600px\" \/><\/p>\n<p>&nbsp;<\/p>\n<p>&nbsp;<\/p>\n<p>&nbsp;<\/p>\n<div class=\"igtranslator-activator-icon bounceIn\" title=\"Click to Show Translation\">&nbsp;<\/div>\n<\/div><\/div>\n\n\n\n<p><\/p>\n","protected":false},"excerpt":{"rendered":"<p>Die Kalender sind da!Die Kalender k\u00f6nnen in M\u00fchlacker im Sophie-Scholl-Weg 11 abgeholt werden!Tel: 07041 863814 Auch f\u00fcr das Jahr 2026 wird es einen kleinen Paul Revellio Kalender geben.&nbsp; Der Kalender f\u00fcr 2026 wird mit den gleichen Ma\u00dfen und trotz gestiegener Herstellungskosten zum gleichen Preis wie im vergangenen Jahr angeboten.Die Kalender k\u00f6nnen ab sofort bestellt werden! [&hellip;]<\/p>\n","protected":false},"author":1,"featured_media":934,"parent":0,"menu_order":0,"comment_status":"closed","ping_status":"closed","template":"","meta":{"ngg_post_thumbnail":0,"footnotes":""},"class_list":["post-25","page","type-page","status-publish","has-post-thumbnail","hentry"],"_links":{"self":[{"href":"https:\/\/paulrevellio.de\/index.php?rest_route=\/wp\/v2\/pages\/25","targetHints":{"allow":["GET"]}}],"collection":[{"href":"https:\/\/paulrevellio.de\/index.php?rest_route=\/wp\/v2\/pages"}],"about":[{"href":"https:\/\/paulrevellio.de\/index.php?rest_route=\/wp\/v2\/types\/page"}],"author":[{"embeddable":true,"href":"https:\/\/paulrevellio.de\/index.php?rest_route=\/wp\/v2\/users\/1"}],"replies":[{"embeddable":true,"href":"https:\/\/paulrevellio.de\/index.php?rest_route=%2Fwp%2Fv2%2Fcomments&post=25"}],"version-history":[{"count":226,"href":"https:\/\/paulrevellio.de\/index.php?rest_route=\/wp\/v2\/pages\/25\/revisions"}],"predecessor-version":[{"id":1907,"href":"https:\/\/paulrevellio.de\/index.php?rest_route=\/wp\/v2\/pages\/25\/revisions\/1907"}],"wp:featuredmedia":[{"embeddable":true,"href":"https:\/\/paulrevellio.de\/index.php?rest_route=\/wp\/v2\/media\/934"}],"wp:attachment":[{"href":"https:\/\/paulrevellio.de\/index.php?rest_route=%2Fwp%2Fv2%2Fmedia&parent=25"}],"curies":[{"name":"wp","href":"https:\/\/api.w.org\/{rel}","templated":true}]}}