{"id":14,"date":"2016-03-16T07:50:33","date_gmt":"2016-03-16T07:50:33","guid":{"rendered":"http:\/\/paulrevellio.de\/?page_id=14"},"modified":"2020-03-04T12:50:58","modified_gmt":"2020-03-04T12:50:58","slug":"maskenbau","status":"publish","type":"page","link":"https:\/\/paulrevellio.de\/?page_id=14","title":{"rendered":"Maskenbau"},"content":{"rendered":"<div>Maskenbau<\/div>\n<div>Eine Anleitung zum Bau von Fasnachtsmasken aus Pappmach\u00e9 f\u00fcr Anf\u00e4nger und Fortgeschritten<\/div>\n<div><a href=\"http:\/\/www.revellio.gmxhome.de\/Homepage\/maske.htm\" target=\"_blank\" rel=\"noopener noreferrer\"><em>weiter<\/em><\/a><\/div>\n<div>&nbsp;<\/div>\n","protected":false},"excerpt":{"rendered":"<p>Maskenbau Eine Anleitung zum Bau von Fasnachtsmasken aus Pappmach\u00e9 f\u00fcr Anf\u00e4nger und Fortgeschritten weiter &nbsp;<\/p>\n","protected":false},"author":1,"featured_media":0,"parent":0,"menu_order":0,"comment_status":"closed","ping_status":"closed","template":"","meta":{"ngg_post_thumbnail":0,"footnotes":""},"class_list":["post-14","page","type-page","status-publish","hentry"],"_links":{"self":[{"href":"https:\/\/paulrevellio.de\/index.php?rest_route=\/wp\/v2\/pages\/14","targetHints":{"allow":["GET"]}}],"collection":[{"href":"https:\/\/paulrevellio.de\/index.php?rest_route=\/wp\/v2\/pages"}],"about":[{"href":"https:\/\/paulrevellio.de\/index.php?rest_route=\/wp\/v2\/types\/page"}],"author":[{"embeddable":true,"href":"https:\/\/paulrevellio.de\/index.php?rest_route=\/wp\/v2\/users\/1"}],"replies":[{"embeddable":true,"href":"https:\/\/paulrevellio.de\/index.php?rest_route=%2Fwp%2Fv2%2Fcomments&post=14"}],"version-history":[{"count":4,"href":"https:\/\/paulrevellio.de\/index.php?rest_route=\/wp\/v2\/pages\/14\/revisions"}],"predecessor-version":[{"id":1418,"href":"https:\/\/paulrevellio.de\/index.php?rest_route=\/wp\/v2\/pages\/14\/revisions\/1418"}],"wp:attachment":[{"href":"https:\/\/paulrevellio.de\/index.php?rest_route=%2Fwp%2Fv2%2Fmedia&parent=14"}],"curies":[{"name":"wp","href":"https:\/\/api.w.org\/{rel}","templated":true}]}}