{"id":1112,"date":"2018-05-29T12:02:22","date_gmt":"2018-05-29T12:02:22","guid":{"rendered":"http:\/\/paulrevellio.de\/?page_id=1112"},"modified":"2018-05-29T14:25:40","modified_gmt":"2018-05-29T14:25:40","slug":"datenschutzerklaerung","status":"publish","type":"page","link":"https:\/\/paulrevellio.de\/?page_id=1112","title":{"rendered":"Datenschutzerkl\u00e4rung"},"content":{"rendered":"<pre><b class=\"moz-txt-star\">Datenschutzerkl\u00e4rung<\/b>\r\n\r\nDer Schutz und die Sicherheit von pers\u00f6nlichen Daten hat bei uns eine\r\nhohe Priorit\u00e4t. Daher halten wir uns strikt an die Regeln des deutschen\r\nBundesdatenschutzgesetzes (BDSG). Nachfolgend werden Sie dar\u00fcber\r\ninformiert, welche Art von Daten erfasst und zu welchem Zweck sie\r\nerhoben werden:\r\n\r\n1. Daten\u00fcbermittlung \/Datenprotokollierung\r\nBeim Besuch dieser Seite verzeichnet der Web-Server automatisch\r\nLog-Files, die keiner bestimmten Person zugeordnet werden k\u00f6nnen. Diese\r\nDaten beinhalten z. B. den Browsertyp und -version, verwendetes\r\nBetriebssystem, Referrer URL (die zuvor besuchte Seite), IP-Adresse des\r\nanfragenden Rechners, Zugriffsdatum und -uhrzeit der Serveranfrage und\r\ndie Dateianfrage des Client (Dateiname und URL). Diese Daten werden nur\r\nzum Zweck der statistischen Auswertung gesammelt. Eine Weitergabe an\r\nDritte, zu kommerziellen oder nichtkommerziellen Zwecken, findet nicht\r\nstatt.\r\n\r\n2. Nutzung pers\u00f6nlicher Daten\r\nPers\u00f6nliche Daten werden nur erhoben oder verarbeitet, wenn Sie diese\r\nAngaben freiwillig, z.B. im Rahmen einer Anfrage mitteilen. Sofern keine\r\nerforderlichen Gr\u00fcnde im Zusammenhang mit einer Gesch\u00e4ftsabwicklung\r\nbestehen, k\u00f6nnen Sie jederzeit die zuvor erteilte Genehmigung Ihrer\r\npers\u00f6nlichen Datenspeicherung mit sofortiger Wirkung schriftlich (z.B.\r\nper E-Mail oder per Fax) widerrufen. Ihre Daten werden nicht an Dritte\r\nweitergeben, es sei denn, eine Weitergabe ist aufgrund gesetzlicher\r\nVorschriften erforderlich.\r\n\r\n3. Auskunft, \u00c4nderung und L\u00f6schung Ihrer Daten\r\nGem\u00e4\u00df geltendem Recht k\u00f6nnen Sie jederzeit bei uns schriftlich\r\nnachfragen, ob und welche personenbezogenen Daten bei uns \u00fcber Sie\r\ngespeichert sind. Eine entsprechende Mitteilung hierzu erhalten Sie\r\numgehend.\r\n\r\n4. Sicherheit Ihrer Daten\r\nIhre uns zur Verf\u00fcgung gestellten pers\u00f6nlichen Daten werden durch\r\nErgreifung aller technischen sowie organisatorischen\r\nSicherheitsma\u00dfnahmen so gesichert, dass sie f\u00fcr den Zugriff\r\nunberechtigter Dritter unzug\u00e4nglich sind. Bei Versendung von sehr\r\nsensiblen Daten oder Informationen ist es empfehlenswert, den Postweg zu\r\nnutzen, da eine vollst\u00e4ndige Datensicherheit per E-Mail nicht\r\ngew\u00e4hrleistet werden kann.\r\n\r\n5. Cookies\r\nAuf einigen unserer Seiten verwenden wir sog. \"Session-Cookies\", um\r\nIhnen die Nutzung unserer Webseiten zu erleichtern. Dabei handelt es\r\nsich um kleine Textdateien, die nur f\u00fcr die Dauer Ihres Besuchs unserer\r\nWebseite auf Ihrer Festplatte hinterlegt und abh\u00e4ngig von der\r\nEinstellung Ihres Browser-Programms beim Beenden des Browsers wieder\r\ngel\u00f6scht werden. Diese Cookies rufen keine auf Ihrer Festplatte \u00fcber Sie\r\ngespeicherten Informationen ab und beeintr\u00e4chtigen nicht Ihren PC oder\r\nihre Dateien. Die meisten Browser sind so eingestellt, dass sie Cookies\r\nautomatisch akzeptieren. Sie k\u00f6nnen das Speichern von Cookies jedoch\r\ndeaktivieren oder ihren Browser so einstellen, dass er Sie auf die\r\nSendung von Cookies hinweist.\r\n\r\n6. \u00c4nderungen dieser Datenschutzbestimmungen\r\nWir werden diese Richtlinien zum Schutz Ihrer pers\u00f6nlichen Daten von\r\nZeit zu Zeit aktualisieren. Sie sollten sich diese Richtlinien\r\ngelegentlich ansehen, um auf dem Laufenden dar\u00fcber zu bleiben, wie wir\r\nIhre Daten sch\u00fctzen und die Inhalte unserer Website stetig verbessern.\r\nSollten wir wesentliche \u00c4nderungen bei der Sammlung, der Nutzung\r\nund\/oder der Weitergabe der uns von Ihnen zur Verf\u00fcgung gestellten\r\npersonenbezogenen Daten vornehmen, werden wir Sie durch einen\r\neindeutigen und gut sichtbaren Hinweis auf der Website darauf aufmerksam\r\nmachen. Mit der Nutzung der Webseite erkl\u00e4ren Sie sich mit den\r\nBedingungen dieser Richtlinien zum Schutz pers\u00f6nlicher Daten einverstanden.\r\n\r\nBei Fragen zu diesen Datenschutzbestimmungen wenden Sie sich bitte \u00fcber\r\nunsere Kontakt-Seite an uns.\r\n<\/pre>\n","protected":false},"excerpt":{"rendered":"<p>Datenschutzerkl\u00e4rung Der Schutz und die Sicherheit von pers\u00f6nlichen Daten hat bei uns eine hohe Priorit\u00e4t. Daher halten wir uns strikt an die Regeln des deutschen Bundesdatenschutzgesetzes (BDSG). Nachfolgend werden Sie dar\u00fcber informiert, welche Art von Daten erfasst und zu welchem Zweck sie erhoben werden: 1. Daten\u00fcbermittlung \/Datenprotokollierung Beim Besuch dieser Seite verzeichnet der Web-Server automatisch [&hellip;]<\/p>\n","protected":false},"author":1,"featured_media":0,"parent":0,"menu_order":0,"comment_status":"closed","ping_status":"closed","template":"","meta":{"ngg_post_thumbnail":0,"footnotes":""},"class_list":["post-1112","page","type-page","status-publish","hentry"],"_links":{"self":[{"href":"https:\/\/paulrevellio.de\/index.php?rest_route=\/wp\/v2\/pages\/1112","targetHints":{"allow":["GET"]}}],"collection":[{"href":"https:\/\/paulrevellio.de\/index.php?rest_route=\/wp\/v2\/pages"}],"about":[{"href":"https:\/\/paulrevellio.de\/index.php?rest_route=\/wp\/v2\/types\/page"}],"author":[{"embeddable":true,"href":"https:\/\/paulrevellio.de\/index.php?rest_route=\/wp\/v2\/users\/1"}],"replies":[{"embeddable":true,"href":"https:\/\/paulrevellio.de\/index.php?rest_route=%2Fwp%2Fv2%2Fcomments&post=1112"}],"version-history":[{"count":3,"href":"https:\/\/paulrevellio.de\/index.php?rest_route=\/wp\/v2\/pages\/1112\/revisions"}],"predecessor-version":[{"id":1123,"href":"https:\/\/paulrevellio.de\/index.php?rest_route=\/wp\/v2\/pages\/1112\/revisions\/1123"}],"wp:attachment":[{"href":"https:\/\/paulrevellio.de\/index.php?rest_route=%2Fwp%2Fv2%2Fmedia&parent=1112"}],"curies":[{"name":"wp","href":"https:\/\/api.w.org\/{rel}","templated":true}]}}